{"id":181,"date":"2013-07-14T07:51:36","date_gmt":"2013-07-14T07:51:36","guid":{"rendered":"http:\/\/216.120.228.150\/~sadsprin\/guilly-pyrenees\/?page_id=181"},"modified":"2015-10-01T18:02:04","modified_gmt":"2015-10-01T18:02:04","slug":"classe-de-decouverte","status":"publish","type":"page","link":"https:\/\/guilly-pyrenees.com\/?page_id=181","title":{"rendered":"Classe de d\u00e9couverte"},"content":{"rendered":"<div id='layer_slider_1' class='avia-layerslider main_color avia-shadow  container_wrap sidebar_right'    style='height: 471px;' ><\/div>\n<div class=\"flex_column av_one_full  flex_column_div first  \" ><section class=\"av_textblock_section\"  itemscope=\"itemscope\" itemtype=\"https:\/\/schema.org\/CreativeWork\" ><div class='avia_textblock '   itemprop=\"text\" ><h1><span style=\"color: #00ccff;\">Classe de d\u00e9couverte<\/span><\/h1>\n<p>La nature est un patrimoine qui nous est pr\u00eat\u00e9\u00a0pour un temps. Transmettre aux plus jeunes permet cette continuit\u00e9. Depuis plus de 25 ans, je propose des prestations pour des enfants de tous \u00e2ges, en demi-journ\u00e9es ou en journ\u00e9es. Chaque saison donne l&#8217;occasion de spectacles uniques. Dans chacun de ces moments, je privil\u00e9gie la rencontre tout au long du chemin.<br \/>\nUtiliser ses pas avec des sorties de niveaux adapt\u00e9es aux possibilit\u00e9s des enfants et aux th\u00e9matiques choisies.<\/p>\n<p>\u2022 Favoriser chez l&#8217;enfant l&#8217;observation et l&#8217;\u00e9veil des sens avec des histoires et des contes.<br \/>\n\u2022 Mettre l&#8217;accent sur des contenus plus scolaires en relation avec les programmes \u00e9tudi\u00e9s.<br \/>\n\u2022 D\u00e9velopper la curiosit\u00e9, \u00eatre \u00e0 l&#8217;\u00e9coute de l&#8217;enfant et de ses attentes.<br \/>\n\u2022 L&#8217;amener \u00e0 \u00eatre acteur dans la sortie : cueillette, recherche d&#8217;indices&#8230;<\/p>\n<p>Pour le montage d&#8217;un projet scolaire, je vous propose de me contacter afin de cr\u00e9er un s\u00e9jour qui &#8220;colle&#8221; \u00a0\u00e0 vos attentes et \u00e0 vos programmes.<\/p>\n<p><a href=\"http:\/\/216.120.228.150\/~sadsprin\/guilly-pyrenees.com\/?page_id=159\">Demande d&#8217;information <\/a><\/p>\n<\/div><\/section><\/div>\n","protected":false},"excerpt":{"rendered":"","protected":false},"author":1,"featured_media":0,"parent":88,"menu_order":0,"comment_status":"closed","ping_status":"closed","template":"","meta":{"footnotes":""},"class_list":["post-181","page","type-page","status-publish","hentry"],"_links":{"self":[{"href":"https:\/\/guilly-pyrenees.com\/index.php?rest_route=\/wp\/v2\/pages\/181","targetHints":{"allow":["GET"]}}],"collection":[{"href":"https:\/\/guilly-pyrenees.com\/index.php?rest_route=\/wp\/v2\/pages"}],"about":[{"href":"https:\/\/guilly-pyrenees.com\/index.php?rest_route=\/wp\/v2\/types\/page"}],"author":[{"embeddable":true,"href":"https:\/\/guilly-pyrenees.com\/index.php?rest_route=\/wp\/v2\/users\/1"}],"replies":[{"embeddable":true,"href":"https:\/\/guilly-pyrenees.com\/index.php?rest_route=%2Fwp%2Fv2%2Fcomments&post=181"}],"version-history":[{"count":5,"href":"https:\/\/guilly-pyrenees.com\/index.php?rest_route=\/wp\/v2\/pages\/181\/revisions"}],"predecessor-version":[{"id":521,"href":"https:\/\/guilly-pyrenees.com\/index.php?rest_route=\/wp\/v2\/pages\/181\/revisions\/521"}],"up":[{"embeddable":true,"href":"https:\/\/guilly-pyrenees.com\/index.php?rest_route=\/wp\/v2\/pages\/88"}],"wp:attachment":[{"href":"https:\/\/guilly-pyrenees.com\/index.php?rest_route=%2Fwp%2Fv2%2Fmedia&parent=181"}],"curies":[{"name":"wp","href":"https:\/\/api.w.org\/{rel}","templated":true}]}}