{"id":2,"date":"2013-07-09T22:28:04","date_gmt":"2013-07-09T22:28:04","guid":{"rendered":"http:\/\/216.120.228.150\/~sadsprin\/guilly-pyrenees\/?page_id=2"},"modified":"2017-12-09T15:47:55","modified_gmt":"2017-12-09T15:47:55","slug":"sample-page","status":"publish","type":"page","link":"https:\/\/guilly-pyrenees.com\/","title":{"rendered":"Accueil"},"content":{"rendered":"<div id='layer_slider_1' class='avia-layerslider main_color avia-shadow  container_wrap sidebar_right'    style='height: 401px;' ><\/div>\n<div class=\"flex_column av_one_third  flex_column_div first  \" ><div class='avia-image-container  av-styling-   avia-align-center '  itemscope=\"itemscope\" itemtype=\"https:\/\/schema.org\/ImageObject\"  ><div class='avia-image-container-inner'><img class='avia_image ' src='https:\/\/guilly-pyrenees.com\/wp-content\/uploads\/2013\/07\/daniel-round-copy-246x300.png' alt='' title='daniel-round copy'   itemprop=\"thumbnailUrl\"  \/><\/div><\/div><\/div>\n<div class=\"flex_column av_two_third  flex_column_div av-zero-column-padding   \" style='border-radius:0px; '><section class=\"av_textblock_section\"  itemscope=\"itemscope\" itemtype=\"https:\/\/schema.org\/CreativeWork\" ><div class='avia_textblock '   itemprop=\"text\" ><p>Accompagnateur en montagne depuis 1985, avec la qualification canyon, j&#8217;ai abord\u00e9 les montagnes pyr\u00e9n\u00e9ennes d\u00e8s mon plus jeune \u00e2ge. Au fil du temps, elles continuent de me d\u00e9voiler la vari\u00e9t\u00e9 de leurs paysages aux quatre saisons.<\/p>\n<p>De mon exp\u00e9rience de pisteur-secouriste est n\u00e9e l&#8217;envie de mieux faire conna\u00eetre le milieu montagnard hivernal.<\/p>\n<p>Pour moi, faire ce m\u00e9tier, que ce soit pour de simples balades \u00e0 pied, en raquettes<br \/>\nou \u00e0 la d\u00e9couverte des canyons, c&#8217;est \u00eatre votre lien avec la nature et les hommes de ces vall\u00e9es en allant bien au-del\u00e0 de la simple pratique d&#8217;activit\u00e9s.<br \/>\n<strong>Conna\u00eetre permet de mieux respecter<\/strong>&#8230;<\/p>\n<p>Depuis toujours j&#8217;ai la passion des voyages qu&#8217;ils soient de quelques heures, un week-end, plusieurs jours ou encore \u00e0 l&#8217;autre bout du monde, l\u00e0 o\u00f9 nos amiti\u00e9s sont riches et d&#8217;une comp\u00e9tence rare, marcher ensemble sera toujours un grand bonheur.<br \/>\n<strong>Chaque pas est d\u00e9j\u00e0 un voyage&#8230;<\/strong><\/p>\n<\/div><\/section><\/div>\n<\/div><\/div><\/div><!-- close content main div --><\/div><\/div><div id='av_section_1' class='avia-section main_color avia-section-default avia-no-shadow avia-bg-style-scroll  container_wrap sidebar_right' style = 'background-color: #efefef; '  ><div class='container' ><div class='template-page content  av-content-small alpha units'><div class='post-entry post-entry-type-page post-entry-2'><div class='entry-content-wrapper clearfix'>\n<div class=\"flex_column av_one_full  flex_column_div first  \" ><div style='padding-bottom:10px;' class='av-special-heading av-special-heading-h3    '><h3 class='av-special-heading-tag'  itemprop=\"headline\"  >Actualit\u00e9<\/h3><div class='special-heading-border'><div class='special-heading-inner-border' ><\/div><\/div><\/div><\/div><div class=\"flex_column av_one_third  flex_column_div av-zero-column-padding first  \" style='border-radius:0px; '><p><div class='avia-image-container  av-styling-   avia-align-center '  itemscope=\"itemscope\" itemtype=\"https:\/\/schema.org\/ImageObject\"  ><div class='avia-image-container-inner'><img class='avia_image ' src='https:\/\/guilly-pyrenees.com\/wp-content\/uploads\/2017\/12\/ad-facebook-squarre.ai-03-300x222.png' alt='' title='ad-facebook-squarre.ai-03'   itemprop=\"thumbnailUrl\"  \/><\/div><\/div><br \/>\n<section class=\"av_textblock_section\"  itemscope=\"itemscope\" itemtype=\"https:\/\/schema.org\/CreativeWork\" ><div class='avia_textblock '   itemprop=\"text\" ><p><strong>Entre amis, en famille, une id\u00e9e pour vos cadeaux de fin d\u2019ann\u00e9e?<\/strong><\/p>\n<p>Quelle que soit votre envie, il y a un bon moment d\u00e9couverte qui vous attend quelque part en Vall\u00e9e d\u2019Aure!<\/p>\n<p>Pensez \u00e0 reserver! Tel :06 86 97 77 75<\/p>\n<\/div><\/section><\/p><\/div><div class=\"flex_column av_one_third  flex_column_div av-zero-column-padding   \" style='border-radius:0px; '><p><div class='avia-image-container  av-styling-   avia-align-center '  itemscope=\"itemscope\" itemtype=\"https:\/\/schema.org\/ImageObject\"  ><div class='avia-image-container-inner'><a href='https:\/\/guilly-pyrenees.com\/?page_id=81' class='avia_image'   target=\"_blank\" ><img class='avia_image ' src='https:\/\/guilly-pyrenees.com\/wp-content\/uploads\/2013\/07\/ad-facebook-rect-10-e1488549958231-495x340.jpg' alt='' title='ad-facebook-rect-10'  itemprop=\"thumbnailUrl\"  \/><\/a><\/div><\/div><br \/>\n<section class=\"av_textblock_section\"  itemscope=\"itemscope\" itemtype=\"https:\/\/schema.org\/CreativeWork\" ><div class='avia_textblock '   itemprop=\"text\" ><p><strong>Rando d\u00e9couverte \u00e0 pieds ou en raquettes cet hiver en journ\u00e9e ou demi-journ\u00e9e.<\/strong><\/p>\n<p>Pensez \u00e0 reserver! Tel :06 86 97 77 75<\/p>\n<p>Si le coeur vous en dit, si, avec des amis, votre famille,<br \/>\nl&#8217;envie de d\u00e9couvrir, d&#8217;\u00eatre ensemble vers ces lieux o\u00f9 fourmillent<br \/>\nLes lumi\u00e8res douces et l&#8217;intensit\u00e9 de la vie<\/p>\n<p>Soyez les bienvenus!<\/p>\n<\/div><\/section><\/p><\/div><div class=\"flex_column av_one_third  flex_column_div av-zero-column-padding   \" style='border-radius:0px; '><p><div class='avia-image-container  av-styling-   avia-align-center '  itemscope=\"itemscope\" itemtype=\"https:\/\/schema.org\/ImageObject\"  ><div class='avia-image-container-inner'><a href='http:\/\/www.ushuaiatv.fr\/actualit\u00e9s\/bougez-vert-\u00e0-saint-lary' class='avia_image'   target=\"_blank\" ><img class='avia_image ' src='https:\/\/guilly-pyrenees.com\/wp-content\/uploads\/2013\/07\/daniel-on-ushuaya-495x376.png' alt='' title='daniel on ushuaya'  itemprop=\"thumbnailUrl\"  \/><\/a><\/div><\/div><br \/>\n<section class=\"av_textblock_section\"  itemscope=\"itemscope\" itemtype=\"https:\/\/schema.org\/CreativeWork\" ><div class='avia_textblock '   itemprop=\"text\" ><p>J&#8217;ai retrouv\u00e9<strong> G\u00e9rald Ariano d&#8217;Ushua\u00efa TV<\/strong> dans le Parc National des Pyr\u00e9n\u00e9es et plus pr\u00e9cis\u00e9ment \u00e0 Saint Lary pour une belle promenade nature.<\/p>\n<p>Vous pouvez voir notre belle balade sur l&#8217;episode en ligne ici: <a href=\"http:\/\/www.ushuaiatv.fr\/actualit\u00e9s\/bougez-vert-\u00e0-saint-lary\" target=\"_blank\" rel=\"noopener\">Ushuaiatv.fr<\/a><\/p>\n<\/div><\/section><\/p><\/div><\/div><\/div><\/div><!-- close content main div --><\/div><\/div><div id='after_section_1' class='main_color av_default_container_wrap container_wrap sidebar_right'   ><div class='container' ><div class='template-page content  av-content-small alpha units'><div class='post-entry post-entry-type-page post-entry-2'><div class='entry-content-wrapper clearfix'>\n","protected":false},"excerpt":{"rendered":"","protected":false},"author":1,"featured_media":0,"parent":0,"menu_order":0,"comment_status":"open","ping_status":"closed","template":"","meta":{"footnotes":""},"class_list":["post-2","page","type-page","status-publish","hentry"],"_links":{"self":[{"href":"https:\/\/guilly-pyrenees.com\/index.php?rest_route=\/wp\/v2\/pages\/2","targetHints":{"allow":["GET"]}}],"collection":[{"href":"https:\/\/guilly-pyrenees.com\/index.php?rest_route=\/wp\/v2\/pages"}],"about":[{"href":"https:\/\/guilly-pyrenees.com\/index.php?rest_route=\/wp\/v2\/types\/page"}],"author":[{"embeddable":true,"href":"https:\/\/guilly-pyrenees.com\/index.php?rest_route=\/wp\/v2\/users\/1"}],"replies":[{"embeddable":true,"href":"https:\/\/guilly-pyrenees.com\/index.php?rest_route=%2Fwp%2Fv2%2Fcomments&post=2"}],"version-history":[{"count":5,"href":"https:\/\/guilly-pyrenees.com\/index.php?rest_route=\/wp\/v2\/pages\/2\/revisions"}],"predecessor-version":[{"id":604,"href":"https:\/\/guilly-pyrenees.com\/index.php?rest_route=\/wp\/v2\/pages\/2\/revisions\/604"}],"wp:attachment":[{"href":"https:\/\/guilly-pyrenees.com\/index.php?rest_route=%2Fwp%2Fv2%2Fmedia&parent=2"}],"curies":[{"name":"wp","href":"https:\/\/api.w.org\/{rel}","templated":true}]}}