{"id":81,"date":"2013-07-11T16:05:52","date_gmt":"2013-07-11T16:05:52","guid":{"rendered":"http:\/\/216.120.228.150\/~sadsprin\/guilly-pyrenees\/?page_id=81"},"modified":"2015-10-31T16:46:36","modified_gmt":"2015-10-31T16:46:36","slug":"hiver","status":"publish","type":"page","link":"https:\/\/guilly-pyrenees.com\/?page_id=81","title":{"rendered":"Hiver"},"content":{"rendered":"<div id='layer_slider_1' class='avia-layerslider main_color avia-shadow  container_wrap sidebar_right'    style='height: 301px;' ><\/div>\n<div class=\"flex_column av_one_third  flex_column_div first  \" ><div class='avia-image-container  av-styling-   avia-align-center '  itemscope=\"itemscope\" itemtype=\"https:\/\/schema.org\/ImageObject\"  ><div class='avia-image-container-inner'><img class='avia_image ' src='https:\/\/guilly-pyrenees.com\/wp-content\/uploads\/2013\/07\/Screen-Shot-2013-07-10-at-1.58.51-PM.png' alt='' title='Screen Shot 2013-07-10 at 1.58.51 PM'   itemprop=\"thumbnailUrl\"  \/><\/div><\/div><\/div>\n<div class=\"flex_column av_two_third  flex_column_div   \" ><div class=\"tabcontainer  top_tab  \">\n\n<section class=\"av_tab_section\"  itemscope=\"itemscope\" itemtype=\"https:\/\/schema.org\/CreativeWork\" >    <div data-fake-id=\"#tab-id-1\" class=\"tab active_tab\"  itemprop=\"headline\" >Le Bel Hiver<\/div>\n    <div id=\"tab-id-1-container\" class=\"tab_content active_tab_content\">\n        <div class=\"tab_inner_content invers-color\"  itemprop=\"text\" >\n<h1><span style=\"color: #00ccff;\">Le Bel Hiver<\/span><\/h1>\n<p>Marcher au c\u0153ur\u00a0de l&#8217;hiver<br \/>\nSuivre les traces crois\u00e9es<br \/>\nComme si on \u00e9tait plus sur la terre<br \/>\nDans cette immense puret\u00e9&#8230;<br \/>\nRaquettes en Pyr\u00e9n\u00e9es<\/p>\n<p><span style=\"color: #00ccff;\">\u2022<\/span> en \u00bd journ\u00e9es matin: de 9h \u00e0 12h30<br \/>\n<span style=\"color: #00ccff;\">\u2022<\/span> en petites journ\u00e9es: de 10h \u00e0 16h<br \/>\n<span style=\"color: #00ccff;\">\u2022<\/span> en journ\u00e9es compl\u00e8tes: de 9h \u00e0 17 h<br \/>\n<span style=\"color: #00ccff;\">\u2022<\/span> en week-ends avec nuits en refuge d&#8217;altitude<br \/>\n<span style=\"color: #00ccff;\">\u2022<\/span> en s\u00e9jours programm\u00e9s ou \u00e0 la carte<\/p>\n<p>Week-ends et s\u00e9jours peuvent se d\u00e9rouler sur le versant espagnol.<br \/>\nR\u00e9veillon du 1er janvier au coin du feu en grange d&#8217;altitude.<\/p>\n<h4><\/h4>\n\n        <\/div>\n    <\/div>\n<\/section>\n\n<section class=\"av_tab_section\"  itemscope=\"itemscope\" itemtype=\"https:\/\/schema.org\/CreativeWork\" >    <div data-fake-id=\"#tab-id-2\" class=\"tab \"  itemprop=\"headline\" >R\u00e9veillon<\/div>\n    <div id=\"tab-id-2-container\" class=\"tab_content \">\n        <div class=\"tab_inner_content invers-color\"  itemprop=\"text\" >\n<h1><span style=\"color: #00ccff;\">R\u00e9veillon<\/span><\/h1>\n<p>R\u00e9veillonner en refuge dans la vall\u00e9e d&#8217;Aure.<\/p>\n<p>( En construction ) pour plus d&#8217;information contacter Daniel Guilly directement<\/p>\n\n        <\/div>\n    <\/div>\n<\/section>\n\n<\/div>\n\n<section class=\"av_textblock_section\"  itemscope=\"itemscope\" itemtype=\"https:\/\/schema.org\/CreativeWork\" ><div class='avia_textblock '   itemprop=\"text\" ><p>[srizonfbalbum id=2]<\/p>\n<\/div><\/section><\/div>\n","protected":false},"excerpt":{"rendered":"","protected":false},"author":1,"featured_media":0,"parent":83,"menu_order":0,"comment_status":"closed","ping_status":"closed","template":"","meta":{"footnotes":""},"class_list":["post-81","page","type-page","status-publish","hentry"],"_links":{"self":[{"href":"https:\/\/guilly-pyrenees.com\/index.php?rest_route=\/wp\/v2\/pages\/81","targetHints":{"allow":["GET"]}}],"collection":[{"href":"https:\/\/guilly-pyrenees.com\/index.php?rest_route=\/wp\/v2\/pages"}],"about":[{"href":"https:\/\/guilly-pyrenees.com\/index.php?rest_route=\/wp\/v2\/types\/page"}],"author":[{"embeddable":true,"href":"https:\/\/guilly-pyrenees.com\/index.php?rest_route=\/wp\/v2\/users\/1"}],"replies":[{"embeddable":true,"href":"https:\/\/guilly-pyrenees.com\/index.php?rest_route=%2Fwp%2Fv2%2Fcomments&post=81"}],"version-history":[{"count":5,"href":"https:\/\/guilly-pyrenees.com\/index.php?rest_route=\/wp\/v2\/pages\/81\/revisions"}],"predecessor-version":[{"id":555,"href":"https:\/\/guilly-pyrenees.com\/index.php?rest_route=\/wp\/v2\/pages\/81\/revisions\/555"}],"up":[{"embeddable":true,"href":"https:\/\/guilly-pyrenees.com\/index.php?rest_route=\/wp\/v2\/pages\/83"}],"wp:attachment":[{"href":"https:\/\/guilly-pyrenees.com\/index.php?rest_route=%2Fwp%2Fv2%2Fmedia&parent=81"}],"curies":[{"name":"wp","href":"https:\/\/api.w.org\/{rel}","templated":true}]}}